{"id":19,"date":"2010-03-16T22:42:11","date_gmt":"2010-03-16T21:42:11","guid":{"rendered":"http:\/\/spvgg-osterhofen.de\/site_2010\/?page_id=19"},"modified":"2026-04-26T09:09:43","modified_gmt":"2026-04-26T08:09:43","slug":"impressum","status":"publish","type":"page","link":"http:\/\/www.spvgg-osterhofen.de\/site_2010\/impressum","title":{"rendered":"IMPRESSUM"},"content":{"rendered":"<p>Spielvereinigung Osterhofen e.V.<br \/>\nSeewiesen 12<br \/>\n94486 Osterhofen<\/p>\n<p>Tel: +49-9932-4684<\/p>\n<p>Vereinsregister des Amtsgerichts Deggendorf: VR 58<\/p>\n<p>Verantwortlich f\u00fcr den Verein:<br \/>\n1. Vorsitzender<br \/>\nWerner Sixt<br \/>\neMail: werner.sixt@spvgg-osterhofen.de<\/p>\n<p>Internet: www.spvgg-osterhofen.de<\/p>\n<p>eMail: webmaster@spvgg-osterhofen.de<\/p>\n<p>Mit Urteil vom 12. Mai 1998 &#8211; 312 O 85\/98 &#8222;Haftung f\u00fcr Links&#8220; &#8211; hat das Landgericht Hamburg entschieden, dass man durch die Anbringung eines Links die Inhalte der gelinkten Seite ggf. mit zu verantworten hat. Dies kann &#8211; so das LG &#8211; nur dadurch verhindert werden, dass man sich ausdr\u00fccklich von diesen Inhalten distanziert. Die SpVgg Osterhofen hat auf seinen Internetseiten Links (Querverweise) zu anderen Seiten im Internet geschaltet. Die SpVgg erkl\u00e4rt ausdr\u00fccklich, dass der Verein keinerlei Einfluss auf die Gestaltung und die Inhalte der gelinkten Seiten hat. Deshalb distanziert sich die SpVgg Osterhofen ausdr\u00fccklich von s\u00e4mtlichen Inhalten aller verkn\u00fcpften Internetseiten, die nicht auf dem Server der Spielvereinigung abgelegt sind. Diese Erkl\u00e4rung gilt f\u00fcr alle angezeigten Links und f\u00fcr alle Inhalte der Seiten, zu denen die&nbsp; von der SpVgg installierten Banner und Links f\u00fchren.<\/p>\n<p>1. Inhalt des Onlineangebotes<br \/>\nDer Autor \u00fcbernimmt keinerlei Gew\u00e4hr f\u00fcr die Aktualit\u00e4t, Korrektheit, Vollst\u00e4ndigkeit oder Qualit\u00e4t der bereitgestellten Informationen. Haftungsanspr\u00fcche gegen den Autor, die sich auf Sch\u00e4den materieller oder ideeller Art beziehen, welche durch die Nutzung oder Nichtnutzung der dargebotenen Informationen bzw. durch die Nutzung fehlerhafter und unvollst\u00e4ndiger Informationen verursacht wurden sind grunds\u00e4tzlich ausgeschlossen, sofern seitens des Autors kein nachweislich vors\u00e4tzliches oder grob fahrl\u00e4ssiges Verschulden vorliegt.<br \/>\nAlle Angebote sind freibleibend und unverbindlich. Der Autor beh\u00e4lt es sich ausdr\u00fccklich vor, Teile der Seiten oder das gesamte Angebot ohne gesonderte Ank\u00fcndigung zu ver\u00e4ndern, zu erg\u00e4nzen, zu l\u00f6schen oder die Ver\u00f6ffentlichung zeitweise oder endg\u00fcltig einzustellen.<\/p>\n<p>2. Urheberrecht<br \/>\nDer Autor ist bestrebt, in allen Publikationen die Urheberrechte der verwendeten Grafiken, Sounds und Texte zu beachten, von ihm selbst erstellte Grafiken, Sounds und Texte zu nutzen oder auf lizenzfreie Grafiken, Sounds und Texte zur\u00fcckzugreifen. Sollte sich auf den jeweiligen Seiten dennoch eine ungekennzeichnete, aber durch fremdes Copyright gesch\u00fctzte Grafik, ein Sound oder Text befinden, so konnte das Copyright vom Autor nicht festgestellt werden. Im Falle einer solchen unbeabsichtigten Copyrightverletzung wird der Autor das entsprechende Objekt nach Benachrichtigung aus seiner Publikation entfernen bzw. mit dem entsprechenden Copyright kenntlich machen.<br \/>\nDas Copyright f\u00fcr ver\u00f6ffentlichte, vom Autor selbst erstellte Objekte bleibt allein beim Autor der Seiten. Eine Vervielf\u00e4ltigung oder Verwendung solcher Grafiken, Sounds oder Texte in anderen elektronischen oder gedruckten Publikationen ist ohne ausdr\u00fcckliche Zustimmung des Autors nicht gestattet. Alle Rechte vorbehalten. Insbesondere d\u00fcrfen Nachdruck, Aufnahme in Online-Dienste und Internet sowie Vervielf\u00e4ltigung auf Datentr\u00e4ger wie CD-ROM, DVD-ROM etc. \u2013 auch auszugsweise &#8211; nur nach vorheriger schriftlicher Zustimmung von Seiten des Vereins erfolgen.<\/p>\n<p>\u00dcbernahme von Informationen auf Anfrage m\u00f6glich. Die SpVgg beh\u00e4lt es sich vor bei Zuwiderhandlungen weitere Schritte einzuleiten.<\/p>\n<p>3. Rechtswirksamkeit dieses Haftungsausschlusses<br \/>\nDieser Haftungsausschluss ist als Teil des Internetangebotes zu betrachten, von dem aus auf diese Seite verwiesen wurde. Sofern Teile oder einzelne Formulierungen dieses Textes der geltenden Rechtslage nicht, nicht mehr oder nicht vollst\u00e4ndig entsprechen sollten, bleiben die \u00fcbrigen Teile des Dokumentes in ihrem Inhalt und ihrer G\u00fcltigkeit davon unber\u00fchrt.<\/p>\n<p><strong>SpVgg Osterhofen wird pr\u00e4sentiert von <a href=\"http:\/\/www.webagentur-schubert.de\/\" target=\"_blank\" rel=\"noopener\">Webagentur Schubert<\/a><\/strong><a href=\"http:\/\/www.schubert-internet-marketing.de\/internet-marketing\/\" target=\"_blank\" rel=\"noopener\"><br \/>\n<\/a><\/p>\n","protected":false},"excerpt":{"rendered":"<p>Spielvereinigung Osterhofen e.V. Seewiesen 12 94486 Osterhofen Tel: +49-9932-4684 Vereinsregister des Amtsgerichts Deggendorf: VR 58 Verantwortlich f\u00fcr den Verein: 1. Vorsitzender Werner Sixt eMail: werner.sixt@spvgg-osterhofen.de Internet: www.spvgg-osterhofen.de eMail: webmaster@spvgg-osterhofen.de Mit Urteil vom 12. Mai 1998 &#8211; 312 O 85\/98 &#8222;Haftung f\u00fcr Links&#8220; &#8211; hat das Landgericht Hamburg entschieden, dass man durch die Anbringung eines Links <a class=\"more-link\" href=\"http:\/\/www.spvgg-osterhofen.de\/site_2010\/impressum\">Continue reading <i class=\"fa fa-chevron-right\"><\/i><\/a><\/p>\n","protected":false},"author":1,"featured_media":0,"parent":0,"menu_order":35,"comment_status":"closed","ping_status":"closed","template":"","meta":{"ngg_post_thumbnail":0,"footnotes":""},"class_list":["post-19","page","type-page","status-publish","hentry"],"aioseo_notices":[],"_links":{"self":[{"href":"http:\/\/www.spvgg-osterhofen.de\/site_2010\/wp-json\/wp\/v2\/pages\/19","targetHints":{"allow":["GET"]}}],"collection":[{"href":"http:\/\/www.spvgg-osterhofen.de\/site_2010\/wp-json\/wp\/v2\/pages"}],"about":[{"href":"http:\/\/www.spvgg-osterhofen.de\/site_2010\/wp-json\/wp\/v2\/types\/page"}],"author":[{"embeddable":true,"href":"http:\/\/www.spvgg-osterhofen.de\/site_2010\/wp-json\/wp\/v2\/users\/1"}],"replies":[{"embeddable":true,"href":"http:\/\/www.spvgg-osterhofen.de\/site_2010\/wp-json\/wp\/v2\/comments?post=19"}],"version-history":[{"count":10,"href":"http:\/\/www.spvgg-osterhofen.de\/site_2010\/wp-json\/wp\/v2\/pages\/19\/revisions"}],"predecessor-version":[{"id":4931,"href":"http:\/\/www.spvgg-osterhofen.de\/site_2010\/wp-json\/wp\/v2\/pages\/19\/revisions\/4931"}],"wp:attachment":[{"href":"http:\/\/www.spvgg-osterhofen.de\/site_2010\/wp-json\/wp\/v2\/media?parent=19"}],"curies":[{"name":"wp","href":"https:\/\/api.w.org\/{rel}","templated":true}]}}