{"id":3728,"date":"2015-09-15T09:22:23","date_gmt":"2015-09-15T08:22:23","guid":{"rendered":"http:\/\/www.spvgg-osterhofen.de\/site_2010\/?page_id=3728"},"modified":"2023-09-28T13:03:05","modified_gmt":"2023-09-28T12:03:05","slug":"startseite","status":"publish","type":"page","link":"http:\/\/www.spvgg-osterhofen.de\/site_2010\/","title":{"rendered":"Startseite"},"content":{"rendered":"<p><strong>Neubau eines Allwetterspielfeldes in den Seewiesen<\/strong><\/p>\n<hr>\n<p><a href=\"http:\/\/www.spvgg-osterhofen.de\/site_2010\/wp-content\/uploads\/2022\/09\/leader_tafel_big.jpg\"><img loading=\"lazy\" decoding=\"async\" class=\"alignleft wp-image-4783 size-large\" src=\"http:\/\/www.spvgg-osterhofen.de\/site_2010\/wp-content\/uploads\/2022\/09\/leader_tafel_big-1024x729.jpg\" alt=\"\" width=\"730\" height=\"520\" srcset=\"http:\/\/www.spvgg-osterhofen.de\/site_2010\/wp-content\/uploads\/2022\/09\/leader_tafel_big-1024x729.jpg 1024w, http:\/\/www.spvgg-osterhofen.de\/site_2010\/wp-content\/uploads\/2022\/09\/leader_tafel_big-300x214.jpg 300w, http:\/\/www.spvgg-osterhofen.de\/site_2010\/wp-content\/uploads\/2022\/09\/leader_tafel_big-768x547.jpg 768w, http:\/\/www.spvgg-osterhofen.de\/site_2010\/wp-content\/uploads\/2022\/09\/leader_tafel_big.jpg 1200w\" sizes=\"auto, (max-width: 730px) 100vw, 730px\" \/><\/a><\/p>\n<p>Ausschreibungen:<\/p>\n<p><a href=\"http:\/\/www.spvgg-osterhofen.de\/site_2010\/wp-content\/uploads\/2023\/08\/Ex-ante-Bekanntmachung-Funktionsgebaeude.pdf\">21.08.2023 &#8211; Ex-ante Bekanntmachung Funktionsgeb\u00e4ude<\/a><\/p>\n<p><strong>21.06.23 &#8211; Baumeisterarbeiten Funktionsgeb\u00e4ude (Sanit\u00e4r- und Umkleidegeb\u00e4ude)<\/strong><\/p>\n<p>26.04.22 &#8211; Erdbauarbeiten<\/p>\n<p>26.04.22 &#8211; Flutlichtanlage<\/p>\n<p><strong>Bekanntmachungen \/ Vergaben<\/strong><\/p>\n<p>Austellungsplanung &#8211; Vergabe bereits erfolgt<\/p>\n<p>Bauarbeiten: Majuntke GmbH, Betriebstra\u00dfe 12, 94469 Deggendorf<\/p>\n<p>Flutlichtanlage: Theodor Freise GmbH, Industriestr. 16, 94469 Deggendorf<\/p>\n<p>&nbsp;<\/p>\n<p>Der Neubau wird unterst\u00fctzt durch F\u00f6rdergelder aus dem&nbsp;<strong>LEADER-Programm<\/strong>&nbsp;des&nbsp;<strong>Freistaates Bayern<\/strong>&nbsp;und durch den&nbsp;<strong>BLSV<\/strong>.<\/p>\n<p>&nbsp;<\/p>\n<p>&nbsp;<\/p>\n<p>&nbsp;<\/p>\n<p>&nbsp;<\/p>\n<p>&nbsp;<\/p>\n<p>&nbsp;<\/p>\n<hr>\n<div id=\"BilderStartseite\" class=\"carousel slide\" data-ride=\"carousel\">\n<ol class=\"carousel-indicators\">\n<li data-target=\"#BilderStartseite\" data-slide-to=\"1\">&nbsp;<\/li>\n<li data-target=\"#BilderStartseite\" data-slide-to=\"2\">&nbsp;<\/li>\n<li data-target=\"#BilderStartseite\" data-slide-to=\"3\">&nbsp;<\/li>\n<li data-target=\"#BilderStartseite\" data-slide-to=\"4\">&nbsp;<\/li>\n<\/ol>\n<div class=\"carousel-inner\">\n<div class=\"item active\"><img decoding=\"async\" src=\"http:\/\/spvgg-osterhofen.de\/site2010\/pics\/web1.jpg\" alt=\"...\"><\/div>\n<div class=\"item\"><img decoding=\"async\" src=\"http:\/\/spvgg-osterhofen.de\/site2010\/pics\/web2.jpg\" alt=\"...\"><\/div>\n<div class=\"item\"><img decoding=\"async\" src=\"http:\/\/spvgg-osterhofen.de\/site2010\/pics\/web3.jpg\" alt=\"...\"><\/div>\n<div class=\"item\"><img decoding=\"async\" src=\"http:\/\/spvgg-osterhofen.de\/site2010\/pics\/web4.jpg\" alt=\"...\"><\/div>\n<div class=\"item\"><img decoding=\"async\" src=\"http:\/\/spvgg-osterhofen.de\/site2010\/pics\/web5.jpg\" alt=\"...\"><\/div>\n<\/div>\n<h2>Aktuelles<\/h2>\n<\/div>\n","protected":false},"excerpt":{"rendered":"<p>Neubau eines Allwetterspielfeldes in den Seewiesen Ausschreibungen: 21.08.2023 &#8211; Ex-ante Bekanntmachung Funktionsgeb\u00e4ude 21.06.23 &#8211; Baumeisterarbeiten Funktionsgeb\u00e4ude (Sanit\u00e4r- und Umkleidegeb\u00e4ude) 26.04.22 &#8211; Erdbauarbeiten 26.04.22 &#8211; Flutlichtanlage Bekanntmachungen \/ Vergaben Austellungsplanung &#8211; Vergabe bereits erfolgt Bauarbeiten: Majuntke GmbH, Betriebstra\u00dfe 12, 94469 Deggendorf Flutlichtanlage: Theodor Freise GmbH, Industriestr. 16, 94469 Deggendorf &nbsp; Der Neubau wird unterst\u00fctzt durch F\u00f6rdergelder <a class=\"more-link\" href=\"http:\/\/www.spvgg-osterhofen.de\/site_2010\/\">Continue reading <i class=\"fa fa-chevron-right\"><\/i><\/a><\/p>\n","protected":false},"author":1,"featured_media":0,"parent":0,"menu_order":0,"comment_status":"closed","ping_status":"closed","template":"page-fullwidth.php","meta":{"ngg_post_thumbnail":0,"footnotes":""},"class_list":["post-3728","page","type-page","status-publish","hentry"],"aioseo_notices":[],"_links":{"self":[{"href":"http:\/\/www.spvgg-osterhofen.de\/site_2010\/wp-json\/wp\/v2\/pages\/3728","targetHints":{"allow":["GET"]}}],"collection":[{"href":"http:\/\/www.spvgg-osterhofen.de\/site_2010\/wp-json\/wp\/v2\/pages"}],"about":[{"href":"http:\/\/www.spvgg-osterhofen.de\/site_2010\/wp-json\/wp\/v2\/types\/page"}],"author":[{"embeddable":true,"href":"http:\/\/www.spvgg-osterhofen.de\/site_2010\/wp-json\/wp\/v2\/users\/1"}],"replies":[{"embeddable":true,"href":"http:\/\/www.spvgg-osterhofen.de\/site_2010\/wp-json\/wp\/v2\/comments?post=3728"}],"version-history":[{"count":50,"href":"http:\/\/www.spvgg-osterhofen.de\/site_2010\/wp-json\/wp\/v2\/pages\/3728\/revisions"}],"predecessor-version":[{"id":4859,"href":"http:\/\/www.spvgg-osterhofen.de\/site_2010\/wp-json\/wp\/v2\/pages\/3728\/revisions\/4859"}],"wp:attachment":[{"href":"http:\/\/www.spvgg-osterhofen.de\/site_2010\/wp-json\/wp\/v2\/media?parent=3728"}],"curies":[{"name":"wp","href":"https:\/\/api.w.org\/{rel}","templated":true}]}}